{"id":1082,"date":"2014-12-29T15:24:51","date_gmt":"2014-12-29T13:24:51","guid":{"rendered":"http:\/\/intromotion.ch\/?page_id=1082"},"modified":"2015-11-05T21:44:42","modified_gmt":"2015-11-05T19:44:42","slug":"faq-intromotion-2-3-2-3-2-3-3-4-3-2-2-2-2-2-6-4-3-3-3-3-4-3-3-3-3-3-3-3-3-3","status":"publish","type":"page","link":"https:\/\/intromotion.ch\/?page_id=1082","title":{"rendered":"Begeisterungsf\u00e4higkeit  Sub &#8211; Ich bin immer sehr begeisterungsf\u00e4hig"},"content":{"rendered":"<div id=\"pbuilder_wrapper\">\n<div id=\"pbuilder_content_wrapper\">\n<div id=\"pbuilder_content\">\n<div data-rowtype=\"2\" data-rowid=\"1\" style=\"padding-bottom:0px; box-shadow:    ; \" class=\"pbuilder_row\">\n<div class=\"pbuilder_row_background\" style=\" background-color: #1b1b68; \"><\/div>\n<div>\n<div data-colnumber=\"0\" class=\"pbuilder_column pbuilder_column-1-3\">\n<div style=\"\" class=\"pbuilder_droppable\" >\n<div class=\"pbuilder_module\" data-shortcode=\"image\" data-modid=\"8\">\n<style type=\"text\/css\" scoped=\"scoped\">#frb_image_1019871058.frb_onScreen.frb_animated {-webkit-animation-duration: 1000ms; animation-duration: 1000ms;}#frb_image_1019871058.frb_onScreen.frb_hinge {-webkit-animation-duration: 2000ms; animation-duration: 2000ms;}<\/style>\n<style type=\"text\/css\" scoped=\"scoped\">#frb_image_1019871058 .frb_image_hover {background:#000000;}<\/style>\n<div id=\"frb_image_1019871058\" class=\"\" style=\"padding-bottom:0px !important;\">\n<div class=\"frb_image\" style=\"\"><span style=\"text-align:left; width:100%; display:block;\"><span class=\"frb_image_inner\" style=\"\" data-bordercolor=\"#111111\" data-borderhover=\"#1b1b69\"><br \/>\n\t\t<img decoding=\"async\" class=\"frb_image_flat\" src=\"http:\/\/intromotion.ch\/wp-content\/uploads\/2014\/12\/Screenshot-2014-11-19-16.51.46-e1420037553980.jpg\" title=\"\" alt=\"\" style=\"border-color:#111111; float:left;\" \/><br \/>\n\t\t<span style=\"clear:both; display:block;\"><\/span><i class=\"frb_icon fa fa-search\" style=\"line-height:30px; font-size:30px; height:30px; width:30px; margin:-15px \"><\/i><\/span><\/span><\/div>\n<\/div>\n<\/div>\n<\/div>\n<\/div>\n<div data-colnumber=\"1\" class=\"pbuilder_column pbuilder_column-1-3\">\n<div style=\"\" class=\"pbuilder_droppable\" >\n<div class=\"pbuilder_module\" data-shortcode=\"text\" data-modid=\"10\">\n<style type=\"text\/css\" scoped=\"scoped\">\n    #frb_text_1768923367, #frb_text_1768923367 *{}\n    #frb_text_1768923367 a{color: #ffffff;}\n    #frb_text_1768923367 a:hover{color: #3498db;}\n\t<\/style>\n<style type=\"text\/css\" scoped=\"scoped\">#frb_text_1768923367.frb_onScreen.frb_animated {-webkit-animation-duration: 1000ms; animation-duration: 1000ms;}#frb_text_1768923367.frb_onScreen.frb_hinge {-webkit-animation-duration: 2000ms; animation-duration: 2000ms;}<\/style>\n<div id=\"frb_text_1768923367\" class=\"\" style=\"padding-bottom:4px !important; text-align:right; font-size:21px; line-height:110%;\">\n<div class=\"frb_text\" style=\"color:#ffffff;\">\n<p>\u00a0<\/p>\n<p><a href=\"http:\/\/peppower.ch\/?page_id=1090\">Home<\/a><\/p>\n<\/div>\n<\/div>\n<\/div>\n<\/div>\n<\/div>\n<div data-colnumber=\"2\" class=\"pbuilder_column pbuilder_column-1-3\">\n<div style=\"\" class=\"pbuilder_droppable\" >\n<div class=\"pbuilder_module\" data-shortcode=\"text\" data-modid=\"9\">\n<style type=\"text\/css\" scoped=\"scoped\">\n    #frb_text_17798073, #frb_text_17798073 *{}\n    #frb_text_17798073 a{color: #ecf0f1;}\n    #frb_text_17798073 a:hover{color: #3498db;}\n\t<\/style>\n<style type=\"text\/css\" scoped=\"scoped\">#frb_text_17798073.frb_onScreen.frb_animated {-webkit-animation-duration: 1000ms; animation-duration: 1000ms;}#frb_text_17798073.frb_onScreen.frb_hinge {-webkit-animation-duration: 2000ms; animation-duration: 2000ms;}<\/style>\n<div id=\"frb_text_17798073\" class=\"\" style=\"padding-bottom:0px !important; text-align:left; font-size:21px; line-height:110%;\">\n<div class=\"frb_text\" style=\"color:#ecf0f1;\">\n<p>\u00a0<\/p>\n<p>\u00a0\u00a0<a href=\"http:\/\/peppower.ch\/?page_id=150\/\">F &amp; A<\/a>\u00a0 \u00a0 \u00a0 \u00a0 <a href=\"http:\/\/peppower.ch\/?page_id=259\">Themen<\/a> \u00a0 \u00a0 \u00a0 \u00a0<a href=\"http:\/\/peppower.ch\/?page_id=316\">Balance<\/a><\/p>\n<\/div>\n<\/div>\n<\/div>\n<\/div>\n<\/div>\n<div style=\"clear:both;\"><\/div>\n<\/div>\n<\/div>\n<div data-rowtype=\"5\" data-rowid=\"7\" style=\"padding-top:0px;padding-bottom:0px; box-shadow:    ; \" class=\"pbuilder_row\">\n<div class=\"pbuilder_row_background\" style=\" background-color: #1b1b69; \"><\/div>\n<div>\n<div data-colnumber=\"0\" class=\"pbuilder_column pbuilder_column-1-4\">\n<div style=\"padding:0px;\" class=\"pbuilder_droppable\" >\n<div class=\"pbuilder_module\" data-shortcode=\"text\" data-modid=\"11\">\n<style type=\"text\/css\" scoped=\"scoped\">\n    #frb_text_1319530963, #frb_text_1319530963 *{}\n    #frb_text_1319530963 a{color: #2ecfe5;}\n    #frb_text_1319530963 a:hover{color: #444444;}\n\t<\/style>\n<style type=\"text\/css\" scoped=\"scoped\">#frb_text_1319530963.frb_onScreen.frb_animated {-webkit-animation-duration: 1000ms; animation-duration: 1000ms;}#frb_text_1319530963.frb_onScreen.frb_hinge {-webkit-animation-duration: 2000ms; animation-duration: 2000ms;}<\/style>\n<div id=\"frb_text_1319530963\" class=\"\" style=\"padding-bottom:36px !important; text-align:left; font-size:20px; line-height:110%;\">\n<div class=\"frb_text\" style=\"color:#2ecfe5;\"><strong>\u00a0 \u00a0\u00a0<a href=\"http:\/\/peppower.ch\/\">PEP-POWER<\/a><\/strong><\/div>\n<\/div>\n<\/div>\n<\/div>\n<\/div>\n<div data-colnumber=\"1\" class=\"pbuilder_column pbuilder_column-1-4\">\n<div style=\"padding:0px;\" class=\"pbuilder_droppable\" ><\/div>\n<\/div>\n<div data-colnumber=\"2\" class=\"pbuilder_column pbuilder_column-1-4\">\n<div style=\"padding:0px;\" class=\"pbuilder_droppable\" ><\/div>\n<\/div>\n<div data-colnumber=\"3\" class=\"pbuilder_column pbuilder_column-1-4\">\n<div style=\"padding:0px;\" class=\"pbuilder_droppable\" >\n<div class=\"pbuilder_module\" data-shortcode=\"icon_menu\" data-modid=\"21\">\n<style type=\"text\/css\" scoped=\"scoped\">#frb_icon_menu_644145597.frb_onScreen.frb_animated {-webkit-animation-duration: 1000ms; animation-duration: 1000ms;}#frb_icon_menu_644145597.frb_onScreen.frb_hinge {-webkit-animation-duration: 2000ms; animation-duration: 2000ms;}<\/style>\n<div id=\"frb_icon_menu_644145597\" class=\"\" style=\"padding-bottom:0px !important;\">\n<style type=\"text\/css\" scoped=\"scoped\">\n\t\t\tdiv.frb_iconmenu a.frb_iconmenu_link {\n\t\t\t\tpadding:10px 2.5px;\n\t\t\t}\n\t\t\t<\/style>\n<div class=\"frb_iconmenu frb_iconmenu_right\" style=\"background:transparent;\"><a href=\"http:\/\/e.ggtimer.com\/30%20minutes?iframe=true&#038;width=900&#038;height=300\" style=\"background:transparent; color:#3498db;\" data-backcolor=\"transparent\" data-backhover=\"\" class=\"frb_iconmenu_link frb_lightbox_link\"  rel=\"frbprettyphoto\"><i class=\"frb_icon fa fa-dashboard\" style=\"color:#3498db; width:77px; font-size:67px; line-height:67px;\" data-color=\"#3498db\" data-hovercolor=\"#72deb4\"><\/i><\/a><\/p>\n<div style=\"clear:both;\"><\/div>\n<\/div>\n<\/div>\n<\/div>\n<\/div>\n<\/div>\n<div style=\"clear:both;\"><\/div>\n<\/div>\n<\/div>\n<div data-rowtype=\"0\" data-rowid=\"0\" style=\"padding-top:0px; box-shadow:    ; \" class=\"pbuilder_row\">\n<div class=\"pbuilder_row_background\" style=\" background-color: #1b1b69; \"><\/div>\n<div>\n<div data-colnumber=\"0\" class=\"pbuilder_column pbuilder_column-1-1\">\n<div style=\"background:#198ad6;\" class=\"pbuilder_droppable\" >\n<div class=\"pbuilder_module\" data-shortcode=\"text\" data-modid=\"0\">\n<style type=\"text\/css\" scoped=\"scoped\">\n    #frb_text_400893616, #frb_text_400893616 *{}\n    #frb_text_400893616 a{color: #ffffff;}\n    #frb_text_400893616 a:hover{color: #444444;}\n\t<\/style>\n<style type=\"text\/css\" scoped=\"scoped\">#frb_text_400893616.frb_onScreen.frb_animated {-webkit-animation-duration: 1000ms; animation-duration: 1000ms;}#frb_text_400893616.frb_onScreen.frb_hinge {-webkit-animation-duration: 2000ms; animation-duration: 2000ms;}<\/style>\n<div id=\"frb_text_400893616\" class=\"\" style=\"padding-bottom:36px !important; text-align:center; font-size:32px; line-height:110%;\">\n<div class=\"frb_text\" style=\"color:#ffffff;\">\nIch bin immer sehr begeisterungsf\u00e4hig<\/div>\n<\/div>\n<\/div>\n<\/div>\n<\/div>\n<div style=\"clear:both;\"><\/div>\n<\/div>\n<\/div>\n<div data-rowtype=\"0\" data-rowid=\"4\" style=\"padding-bottom:3px;padding-top:3px; border-width: 4px;  box-shadow:    ; \" class=\"pbuilder_row\">\n<div class=\"pbuilder_row_background\" style=\" background-color: #1b1b69; \"><\/div>\n<div>\n<div data-colnumber=\"0\" class=\"pbuilder_column pbuilder_column-1-1\">\n<div style=\"background:rgba(189,234,219,1);padding:0px;\" class=\"pbuilder_droppable\" >\n<div class=\"pbuilder_module\" data-shortcode=\"text\" data-modid=\"1\">\n<style type=\"text\/css\" scoped=\"scoped\">\n    #frb_text_398350258, #frb_text_398350258 *{}\n    #frb_text_398350258 a{color: #444444;}\n    #frb_text_398350258 a:hover{color: #444444;}\n\t<\/style>\n<style type=\"text\/css\" scoped=\"scoped\">#frb_text_398350258.frb_onScreen.frb_animated {-webkit-animation-duration: 1000ms; animation-duration: 1000ms;}#frb_text_398350258.frb_onScreen.frb_hinge {-webkit-animation-duration: 2000ms; animation-duration: 2000ms;}<\/style>\n<div id=\"frb_text_398350258\" class=\"\" style=\"padding-bottom:0px !important; text-align:left;\">\n<div class=\"frb_text\" style=\"color:#444444;\">\n<p><script type=\"text\/javascript\" src=\"\/\/intromotion.audello.com\/player\/aWNoLWJpbi1pbW1lci1zZWhyLWJlZ2Vpc3RlcnVuZ3NmYWhpZy5tcDM=\/?container=audello-9RX3BYF0TA\" async><\/script><\/p>\n<div id=\"audello-9RX3BYF0TA\" class=\"audello-player audello-file\" data-role=\"audello-file\" data-audello-id=\"aWNoLWJpbi1pbW1lci1zZWhyLWJlZ2Vpc3RlcnVuZ3NmYWhpZy5tcDM=\"><\/div>\n<\/div>\n<\/div>\n<\/div>\n<\/div>\n<\/div>\n<div style=\"clear:both;\"><\/div>\n<\/div>\n<\/div>\n<div data-rowtype=\"0\" data-rowid=\"2\" style=\"padding-bottom:0px;padding-top:11px; box-shadow:    ; \" class=\"pbuilder_row\">\n<div class=\"pbuilder_row_background\" style=\" background-color: #1b1b69; \"><\/div>\n<div>\n<div data-colnumber=\"0\" class=\"pbuilder_column pbuilder_column-1-1\">\n<div style=\"background:#deecfc;\" class=\"pbuilder_droppable\" >\n<div class=\"pbuilder_module\" data-shortcode=\"text\" data-modid=\"2\">\n<style type=\"text\/css\" scoped=\"scoped\">\n    #frb_text_591569277, #frb_text_591569277 *{}\n    #frb_text_591569277 a{color: #2980b9;}\n    #frb_text_591569277 a:hover{color: #444444;}\n\t<\/style>\n<style type=\"text\/css\" scoped=\"scoped\">#frb_text_591569277.frb_onScreen.frb_animated {-webkit-animation-duration: 1000ms; animation-duration: 1000ms;}#frb_text_591569277.frb_onScreen.frb_hinge {-webkit-animation-duration: 2000ms; animation-duration: 2000ms;}<\/style>\n<div id=\"frb_text_591569277\" class=\"\" style=\"padding-bottom:22px !important; text-align:center; font-size:23px; line-height:29px;\">\n<div class=\"frb_text\" style=\"color:#2980b9;\">\nSo erzielen Sie den bestm\u00f6glichen Erfolg:<br \/>\nF\u00fchren Sie unbedingt die folgenden 5 Schritte durch, bevor Sie die obige Subliminal starten<\/div>\n<\/div>\n<\/div>\n<\/div>\n<\/div>\n<div style=\"clear:both;\"><\/div>\n<\/div>\n<\/div>\n<div data-rowtype=\"0\" data-rowid=\"3\" style=\"padding-bottom:0px; box-shadow:    ; \" class=\"pbuilder_row\">\n<div class=\"pbuilder_row_background\" style=\" background-color: #1b1b69; \"><\/div>\n<div>\n<div data-colnumber=\"0\" class=\"pbuilder_column pbuilder_column-1-1\">\n<div style=\"background:rgba(255,255,255,1);padding:0px;\" class=\"pbuilder_droppable\" >\n<div class=\"pbuilder_module\" data-shortcode=\"text\" data-modid=\"12\">\n<style type=\"text\/css\" scoped=\"scoped\">\n    #frb_text_203554108, #frb_text_203554108 *{}\n    #frb_text_203554108 a{color: #0e71b3;}\n    #frb_text_203554108 a:hover{color: #444444;}\n\t<\/style>\n<style type=\"text\/css\" scoped=\"scoped\">#frb_text_203554108.frb_onScreen.frb_animated {-webkit-animation-duration: 1000ms; animation-duration: 1000ms;}#frb_text_203554108.frb_onScreen.frb_hinge {-webkit-animation-duration: 2000ms; animation-duration: 2000ms;}<\/style>\n<div id=\"frb_text_203554108\" class=\"\" style=\"padding-bottom:3px !important; text-align:center; font-size:21px; line-height:29px;\">\n<div class=\"frb_text\" style=\"color:#0e71b3;\">\n<p style=\"text-align: center;\">1. Vergegenw\u00e4rtigen Sie sich, dass Sie den Inhalt oder das Ziel Ihrer gew\u00e4hlten Affirmation mit Ihrer ganzen Pers\u00f6nlichkeit anstreben und bejahen.<\/p>\n<p style=\"text-align: center;\">2. Sprechen Sie die Formulierung der Affirmation innerlich (oder laut, wenn Sie ungest\u00f6rt sind) klar und deutlich aus &#8211; einige Male, bis Sie in Ihrem Inneren damit \u00fcbereinstimmen.<\/p>\n<p style=\"text-align: center;\">3. F\u00fchren Sie aktiv oder auch nur in Gedanken eine Bewegung aus, die diese Affirmation ausdr\u00fcckt oder verst\u00e4rkt. Z.B. mit Klatschen, vor Freude H\u00fcpfen, Lachen, T\u00e4nzeln, H\u00e4nde Hochheben.<\/p>\n<p style=\"text-align: center;\">4. Lassen Sie in sich das begl\u00fcckende Gef\u00fchl entstehen und wahrnehmen, das Sie sich beim Erreichen Ihres Ziels oder Zustands w\u00fcnschen.<\/p>\n<p style=\"text-align: center;\">5. Aktivieren und f\u00fchlen Sie innerlich die Begeisterung und Dankbarkeit, die Sie beim Erreichen Ihres angestrebten Ziels oder erw\u00fcnschten Zustands haben werden.<\/p>\n<p style=\"text-align: center;\"><strong>&gt; Klicken Sie nun oben im gr\u00fcnen Feld auf den schwarzen, runden Startbutton &lt;<\/strong><\/p>\n<\/div>\n<\/div>\n<\/div>\n<\/div>\n<\/div>\n<div style=\"clear:both;\"><\/div>\n<\/div>\n<\/div>\n<div data-rowtype=\"2\" data-rowid=\"6\" style=\"padding-bottom:2px;padding-top:20px; box-shadow:    ; \" class=\"pbuilder_row\">\n<div class=\"pbuilder_row_background\" style=\" background-color: #1b1b69; \"><\/div>\n<div>\n<div data-colnumber=\"0\" class=\"pbuilder_column pbuilder_column-1-3\">\n<div style=\"padding:0px;\" class=\"pbuilder_droppable\" >\n<div class=\"pbuilder_module\" data-shortcode=\"button\" data-modid=\"14\">\n<style type=\"text\/css\" scoped=\"scoped\">#frb_button_1063989199.frb_onScreen.frb_animated {-webkit-animation-duration: 1000ms; animation-duration: 1000ms;}#frb_button_1063989199.frb_onScreen.frb_hinge {-webkit-animation-duration: 2000ms; animation-duration: 2000ms;}<\/style>\n<div id=\"frb_button_1063989199\" class=\"\" style=\"padding-bottom:36px !important;\">\n<div class=\"frb_textcenter\"><a  target=\"_blank\" class=\"frb_button frb_round  frb_center\" href=\"http:\/\/peppower.ch\/?page_id=679\" style=\"font-size:24px; line-height:24px; letter-spacing:-1px;font-weight:lighter; padding:20px 20px; color:#ffffff; width: 230px;display: inline-block;background:#44c3ca; border: 0px solid #44c3ca;\" data-textcolor=\"#ffffff\" data-backcolor=\"#44c3ca\" data-hovertextcolor=\"#1b1b69\" data-hoverbackcolor=\"#20b6b6\">Affirmationen<\/a><\/div>\n<div style=\"clear:both;\"><\/div>\n<\/div>\n<\/div>\n<\/div>\n<\/div>\n<div data-colnumber=\"1\" class=\"pbuilder_column pbuilder_column-1-3\">\n<div style=\"padding:0px;\" class=\"pbuilder_droppable\" >\n<div class=\"pbuilder_module\" data-shortcode=\"button\" data-modid=\"15\">\n<style type=\"text\/css\" scoped=\"scoped\">#frb_button_654223291.frb_onScreen.frb_animated {-webkit-animation-duration: 1000ms; animation-duration: 1000ms;}#frb_button_654223291.frb_onScreen.frb_hinge {-webkit-animation-duration: 2000ms; animation-duration: 2000ms;}<\/style>\n<div id=\"frb_button_654223291\" class=\"\" style=\"padding-bottom:36px !important;\">\n<div class=\"frb_textcenter\"><a  target=\"_blank\" class=\"frb_button frb_round  frb_center\" href=\"http:\/\/peppower.ch\/?page_id=259\" style=\"font-size:24px; line-height:24px; letter-spacing:-1px;font-weight:lighter; padding:20px 20px; color:#ffffff; width: 230px;display: inline-block;background:#198ad6; border: 0px solid #198ad6;\" data-textcolor=\"#ffffff\" data-backcolor=\"#198ad6\" data-hovertextcolor=\"#1b1b69\" data-hoverbackcolor=\"#198ad6\">Themenwahl<\/a><\/div>\n<div style=\"clear:both;\"><\/div>\n<\/div>\n<\/div>\n<\/div>\n<\/div>\n<div data-colnumber=\"2\" class=\"pbuilder_column pbuilder_column-1-3\">\n<div style=\"padding:0px;\" class=\"pbuilder_droppable\" >\n<div class=\"pbuilder_module\" data-shortcode=\"button\" data-modid=\"16\">\n<style type=\"text\/css\" scoped=\"scoped\">#frb_button_115758192.frb_onScreen.frb_animated {-webkit-animation-duration: 1000ms; animation-duration: 1000ms;}#frb_button_115758192.frb_onScreen.frb_hinge {-webkit-animation-duration: 2000ms; animation-duration: 2000ms;}<\/style>\n<div id=\"frb_button_115758192\" class=\"\" style=\"padding-bottom:36px !important;\">\n<div class=\"frb_textcenter\"><a  target=\"_blank\" class=\"frb_button frb_round  frb_center\" href=\"http:\/\/peppower.ch\/?page_id=316\" style=\"font-size:24px; line-height:24px; letter-spacing:-1px;font-weight:lighter; padding:20px 20px; color:#ffffff; width: 230px;display: inline-block;background:#775ae1; border: 0px solid #775ae1;\" data-textcolor=\"#ffffff\" data-backcolor=\"#775ae1\" data-hovertextcolor=\"#1b1b69\" data-hoverbackcolor=\"#775ae1\">Pers\u00f6nliche Balance<\/a><\/div>\n<div style=\"clear:both;\"><\/div>\n<\/div>\n<\/div>\n<\/div>\n<\/div>\n<div style=\"clear:both;\"><\/div>\n<\/div>\n<\/div>\n<div data-rowtype=\"0\" data-rowid=\"8\" style=\" box-shadow:    ; \" class=\"pbuilder_row\">\n<div class=\"pbuilder_row_background\" style=\" background-color: #1b1b69; \"><\/div>\n<div>\n<div data-colnumber=\"0\" class=\"pbuilder_column pbuilder_column-1-1\">\n<div style=\"padding:0px;\" class=\"pbuilder_droppable\" >\n<div class=\"pbuilder_module\" data-shortcode=\"separator\" data-modid=\"17\">\n<style type=\"text\/css\" scoped=\"scoped\">#frb_separator_571454874.frb_onScreen.frb_animated {-webkit-animation-duration: 1000ms; animation-duration: 1000ms;}#frb_separator_571454874.frb_onScreen.frb_hinge {-webkit-animation-duration: 2000ms; animation-duration: 2000ms;}<\/style>\n<div id=\"frb_separator_571454874\" class=\"frb_separator \" style=\"border-top:1px dashed #5151cc; padding-bottom:25px;\"><\/div>\n<\/div>\n<\/div>\n<\/div>\n<div style=\"clear:both;\"><\/div>\n<\/div>\n<\/div>\n<div data-rowtype=\"0\" data-rowid=\"5\" style=\"padding-top:0px; box-shadow:    ; \" class=\"pbuilder_row\">\n<div class=\"pbuilder_row_background\" style=\" background-color: #1b1b69; \"><\/div>\n<div>\n<div data-colnumber=\"0\" class=\"pbuilder_column pbuilder_column-1-1\">\n<div style=\"background:rgba(27,27,105,1);\" class=\"pbuilder_droppable\" >\n<div class=\"pbuilder_module\" data-shortcode=\"text\" data-modid=\"13\">\n<style type=\"text\/css\" scoped=\"scoped\">\n    #frb_text_806735026, #frb_text_806735026 *{}\n    #frb_text_806735026 a{color: #bdc3c7;}\n    #frb_text_806735026 a:hover{color: #ffffff;}\n\t<\/style>\n<style type=\"text\/css\" scoped=\"scoped\">#frb_text_806735026.frb_onScreen.frb_animated {-webkit-animation-duration: 1000ms; animation-duration: 1000ms;}#frb_text_806735026.frb_onScreen.frb_hinge {-webkit-animation-duration: 2000ms; animation-duration: 2000ms;}<\/style>\n<div id=\"frb_text_806735026\" class=\"\" style=\"padding-bottom:36px !important; text-align:center; font-size:16px; line-height:110%;\">\n<div class=\"frb_text\" style=\"color:#bdc3c7;\"><a href=\"http:\/\/peppower.ch\/?page_id=1096\">Kontakt | Impressum | Copyright PEP-Power 2015<\/a><\/div>\n<\/div>\n<\/div>\n<\/div>\n<\/div>\n<div style=\"clear:both;\"><\/div>\n<\/div>\n<\/div><\/div>\n<div style=\"clear:both\"><\/div>\n<\/p><\/div>\n<div style=\"clear:both\"><\/div>\n<\/p><\/div>\n","protected":false},"excerpt":{"rendered":"<p>\u00a0 Home \u00a0 \u00a0\u00a0F &amp; A\u00a0 \u00a0 \u00a0 \u00a0 Themen \u00a0 \u00a0 \u00a0 \u00a0Balance \u00a0 \u00a0\u00a0PEP-POWER Ich bin immer sehr begeisterungsf\u00e4hig So erzielen Sie den bestm\u00f6glichen Erfolg: F\u00fchren Sie unbedingt die folgenden 5 Schritte durch, bevor Sie die obige Subliminal starten 1. Vergegenw\u00e4rtigen Sie sich, dass Sie den Inhalt oder das Ziel Ihrer gew\u00e4hlten Affirmation [&hellip;]<\/p>\n","protected":false},"author":6,"featured_media":0,"parent":0,"menu_order":0,"comment_status":"closed","ping_status":"closed","template":"","meta":{"footnotes":""},"class_list":["post-1082","page","type-page","status-publish","hentry","post-wrapper","thrv_wrapper"],"_links":{"self":[{"href":"https:\/\/intromotion.ch\/index.php?rest_route=\/wp\/v2\/pages\/1082","targetHints":{"allow":["GET"]}}],"collection":[{"href":"https:\/\/intromotion.ch\/index.php?rest_route=\/wp\/v2\/pages"}],"about":[{"href":"https:\/\/intromotion.ch\/index.php?rest_route=\/wp\/v2\/types\/page"}],"author":[{"embeddable":true,"href":"https:\/\/intromotion.ch\/index.php?rest_route=\/wp\/v2\/users\/6"}],"replies":[{"embeddable":true,"href":"https:\/\/intromotion.ch\/index.php?rest_route=%2Fwp%2Fv2%2Fcomments&post=1082"}],"version-history":[{"count":6,"href":"https:\/\/intromotion.ch\/index.php?rest_route=\/wp\/v2\/pages\/1082\/revisions"}],"predecessor-version":[{"id":2840,"href":"https:\/\/intromotion.ch\/index.php?rest_route=\/wp\/v2\/pages\/1082\/revisions\/2840"}],"wp:attachment":[{"href":"https:\/\/intromotion.ch\/index.php?rest_route=%2Fwp%2Fv2%2Fmedia&parent=1082"}],"curies":[{"name":"wp","href":"https:\/\/api.w.org\/{rel}","templated":true}]}}